{"id":22,"date":"2023-02-14T08:51:48","date_gmt":"2023-02-14T08:51:48","guid":{"rendered":"https:\/\/karantinfilm.com\/?page_id=22"},"modified":"2023-03-06T17:22:12","modified_gmt":"2023-03-06T16:22:12","slug":"kontakt","status":"publish","type":"page","link":"https:\/\/karantinfilm.com\/en\/kontakt\/","title":{"rendered":"contact"},"content":{"rendered":"<h1 class=\"has-text-align-center wp-block-heading\"><strong>CONTACT<\/strong><\/h1>\n\n\n\n<div style=\"height:100px\" aria-hidden=\"true\" class=\"wp-block-spacer\"><\/div>\n\n\n\n<p class=\"has-text-align-center\" style=\"font-size:0.8rem\"><em>e-mail:<\/em> <br><strong>info@karantinfilm.com<\/strong><br><em>address:<\/em> <br><strong>Vuka Karad\u017ei\u0107a 14, 31250 Bajina Ba\u0161ta, Serbia<\/strong><\/p>","protected":false},"excerpt":{"rendered":"<p>KONTAKT e-mail: info@karantinfilm.comadresa: Vuka Karad\u017ei\u0107a 14, 31250 Bajina Ba\u0161ta, Srbija<\/p>","protected":false},"author":2,"featured_media":0,"parent":0,"menu_order":0,"comment_status":"closed","ping_status":"closed","template":"header-footer-only","meta":{"_eb_attr":"","inline_featured_image":false,"_vp_format_video_url":"","_vp_image_focal_point":[],"footnotes":""},"class_list":["post-22","page","type-page","status-publish","hentry"],"yoast_head":"<!-- This site is optimized with the Yoast SEO plugin v26.3 - https:\/\/yoast.com\/wordpress\/plugins\/seo\/ -->\n<title>Kontakt - Karantin Film<\/title>\n<meta name=\"description\" content=\"Kontakt: e-mail: info@karantinfilm.com Adresa: Vuka Karad\u017ei\u0107a 14, 31250 Bajina Ba\u0161ta. Pi\u0161ite nam putem e-mail...\" \/>\n<meta name=\"robots\" content=\"index, follow, max-snippet:-1, max-image-preview:large, max-video-preview:-1\" \/>\n<link rel=\"canonical\" href=\"https:\/\/karantinfilm.com\/en\/kontakt\/\" \/>\n<meta property=\"og:locale\" content=\"en_US\" \/>\n<meta property=\"og:type\" content=\"article\" \/>\n<meta property=\"og:title\" content=\"Kontakt - Karantin Film\" \/>\n<meta property=\"og:description\" content=\"Kontakt: e-mail: info@karantinfilm.com Adresa: Vuka Karad\u017ei\u0107a 14, 31250 Bajina Ba\u0161ta. Pi\u0161ite nam putem e-mail...\" \/>\n<meta property=\"og:url\" content=\"https:\/\/karantinfilm.com\/en\/kontakt\/\" \/>\n<meta property=\"og:site_name\" content=\"Karantin Film\" \/>\n<meta property=\"article:modified_time\" content=\"2023-03-06T16:22:12+00:00\" \/>\n<meta name=\"twitter:card\" content=\"summary_large_image\" \/>\n<meta name=\"twitter:label1\" content=\"Est. reading time\" \/>\n\t<meta name=\"twitter:data1\" content=\"1 minute\" \/>\n<script type=\"application\/ld+json\" class=\"yoast-schema-graph\">{\"@context\":\"https:\/\/schema.org\",\"@graph\":[{\"@type\":\"WebPage\",\"@id\":\"https:\/\/karantinfilm.com\/kontakt\/\",\"url\":\"https:\/\/karantinfilm.com\/kontakt\/\",\"name\":\"Kontakt - Karantin Film\",\"isPartOf\":{\"@id\":\"https:\/\/karantinfilm.com\/#website\"},\"datePublished\":\"2023-02-14T08:51:48+00:00\",\"dateModified\":\"2023-03-06T16:22:12+00:00\",\"description\":\"Kontakt: e-mail: info@karantinfilm.com Adresa: Vuka Karad\u017ei\u0107a 14, 31250 Bajina Ba\u0161ta. Pi\u0161ite nam putem e-mail...\",\"breadcrumb\":{\"@id\":\"https:\/\/karantinfilm.com\/kontakt\/#breadcrumb\"},\"inLanguage\":\"en-US\",\"potentialAction\":[{\"@type\":\"ReadAction\",\"target\":[\"https:\/\/karantinfilm.com\/kontakt\/\"]}]},{\"@type\":\"BreadcrumbList\",\"@id\":\"https:\/\/karantinfilm.com\/kontakt\/#breadcrumb\",\"itemListElement\":[{\"@type\":\"ListItem\",\"position\":1,\"name\":\"Home\",\"item\":\"https:\/\/karantinfilm.com\/\"},{\"@type\":\"ListItem\",\"position\":2,\"name\":\"Kontakt\"}]},{\"@type\":\"WebSite\",\"@id\":\"https:\/\/karantinfilm.com\/#website\",\"url\":\"https:\/\/karantinfilm.com\/\",\"name\":\"Karantin Film\",\"description\":\"\",\"potentialAction\":[{\"@type\":\"SearchAction\",\"target\":{\"@type\":\"EntryPoint\",\"urlTemplate\":\"https:\/\/karantinfilm.com\/?s={search_term_string}\"},\"query-input\":{\"@type\":\"PropertyValueSpecification\",\"valueRequired\":true,\"valueName\":\"search_term_string\"}}],\"inLanguage\":\"en-US\"}]}<\/script>\n<!-- \/ Yoast SEO plugin. -->","yoast_head_json":{"title":"Kontakt - Karantin Film","description":"Kontakt: e-mail: info@karantinfilm.com Adresa: Vuka Karad\u017ei\u0107a 14, 31250 Bajina Ba\u0161ta. Pi\u0161ite nam putem e-mail...","robots":{"index":"index","follow":"follow","max-snippet":"max-snippet:-1","max-image-preview":"max-image-preview:large","max-video-preview":"max-video-preview:-1"},"canonical":"https:\/\/karantinfilm.com\/en\/kontakt\/","og_locale":"en_US","og_type":"article","og_title":"Kontakt - Karantin Film","og_description":"Kontakt: e-mail: info@karantinfilm.com Adresa: Vuka Karad\u017ei\u0107a 14, 31250 Bajina Ba\u0161ta. Pi\u0161ite nam putem e-mail...","og_url":"https:\/\/karantinfilm.com\/en\/kontakt\/","og_site_name":"Karantin Film","article_modified_time":"2023-03-06T16:22:12+00:00","twitter_card":"summary_large_image","twitter_misc":{"Est. reading time":"1 minute"},"schema":{"@context":"https:\/\/schema.org","@graph":[{"@type":"WebPage","@id":"https:\/\/karantinfilm.com\/kontakt\/","url":"https:\/\/karantinfilm.com\/kontakt\/","name":"Kontakt - Karantin Film","isPartOf":{"@id":"https:\/\/karantinfilm.com\/#website"},"datePublished":"2023-02-14T08:51:48+00:00","dateModified":"2023-03-06T16:22:12+00:00","description":"Kontakt: e-mail: info@karantinfilm.com Adresa: Vuka Karad\u017ei\u0107a 14, 31250 Bajina Ba\u0161ta. Pi\u0161ite nam putem e-mail...","breadcrumb":{"@id":"https:\/\/karantinfilm.com\/kontakt\/#breadcrumb"},"inLanguage":"en-US","potentialAction":[{"@type":"ReadAction","target":["https:\/\/karantinfilm.com\/kontakt\/"]}]},{"@type":"BreadcrumbList","@id":"https:\/\/karantinfilm.com\/kontakt\/#breadcrumb","itemListElement":[{"@type":"ListItem","position":1,"name":"Home","item":"https:\/\/karantinfilm.com\/"},{"@type":"ListItem","position":2,"name":"Kontakt"}]},{"@type":"WebSite","@id":"https:\/\/karantinfilm.com\/#website","url":"https:\/\/karantinfilm.com\/","name":"Karantin Film","description":"","potentialAction":[{"@type":"SearchAction","target":{"@type":"EntryPoint","urlTemplate":"https:\/\/karantinfilm.com\/?s={search_term_string}"},"query-input":{"@type":"PropertyValueSpecification","valueRequired":true,"valueName":"search_term_string"}}],"inLanguage":"en-US"}]}},"_links":{"self":[{"href":"https:\/\/karantinfilm.com\/en\/wp-json\/wp\/v2\/pages\/22","targetHints":{"allow":["GET"]}}],"collection":[{"href":"https:\/\/karantinfilm.com\/en\/wp-json\/wp\/v2\/pages"}],"about":[{"href":"https:\/\/karantinfilm.com\/en\/wp-json\/wp\/v2\/types\/page"}],"author":[{"embeddable":true,"href":"https:\/\/karantinfilm.com\/en\/wp-json\/wp\/v2\/users\/2"}],"replies":[{"embeddable":true,"href":"https:\/\/karantinfilm.com\/en\/wp-json\/wp\/v2\/comments?post=22"}],"version-history":[{"count":0,"href":"https:\/\/karantinfilm.com\/en\/wp-json\/wp\/v2\/pages\/22\/revisions"}],"wp:attachment":[{"href":"https:\/\/karantinfilm.com\/en\/wp-json\/wp\/v2\/media?parent=22"}],"curies":[{"name":"wp","href":"https:\/\/api.w.org\/{rel}","templated":true}]}}